{"id":3406,"date":"2021-01-13T16:29:55","date_gmt":"2021-01-13T16:29:55","guid":{"rendered":"https:\/\/smartmag.theme-sphere.com\/tech-2\/"},"modified":"2026-03-18T08:00:41","modified_gmt":"2026-03-18T08:00:41","slug":"homepage","status":"publish","type":"page","link":"https:\/\/tyagabhoomi.com\/","title":{"rendered":"Homepage"},"content":{"rendered":"\t\t<div data-elementor-type=\"wp-page\" data-elementor-id=\"3406\" class=\"elementor elementor-3406\">\n\t\t\t\t\t\t<section class=\"elementor-section elementor-top-section elementor-element elementor-element-7bb5416 elementor-section-full_width elementor-section-height-default elementor-section-height-default\" data-id=\"7bb5416\" data-element_type=\"section\" data-e-type=\"section\">\n\t\t\t\t\t\t<div class=\"elementor-container elementor-column-gap-no\">\n\t\t\t\t\t<div class=\"elementor-column elementor-col-100 elementor-top-column elementor-element elementor-element-3d18b85\" data-id=\"3d18b85\" data-element_type=\"column\" data-e-type=\"column\">\n\t\t\t<div class=\"elementor-widget-wrap elementor-element-populated\">\n\t\t\t\t\t\t<div class=\"elementor-element elementor-element-bb09651 elementor-widget elementor-widget-spacer\" data-id=\"bb09651\" data-element_type=\"widget\" data-e-type=\"widget\" data-widget_type=\"spacer.default\">\n\t\t\t\t\t\t\t<div class=\"elementor-spacer\">\n\t\t\t<div class=\"elementor-spacer-inner\"><\/div>\n\t\t<\/div>\n\t\t\t\t\t\t<\/div>\n\t\t\t\t\t<\/div>\n\t\t<\/div>\n\t\t\t\t\t<\/div>\n\t\t<\/section>\n\t\t\t\t<section class=\"elementor-section elementor-top-section elementor-element elementor-element-df25c86 elementor-section-boxed elementor-section-height-default elementor-section-height-default\" data-id=\"df25c86\" data-element_type=\"section\" data-e-type=\"section\">\n\t\t\t\t\t\t<div class=\"elementor-container elementor-column-gap-no\">\n\t\t\t\t\t<div class=\"elementor-column elementor-col-100 elementor-top-column elementor-element elementor-element-4f1faf7\" data-id=\"4f1faf7\" data-element_type=\"column\" data-e-type=\"column\">\n\t\t\t<div class=\"elementor-widget-wrap\">\n\t\t\t\t\t\t\t<\/div>\n\t\t<\/div>\n\t\t\t\t\t<\/div>\n\t\t<\/section>\n\t\t\t\t<section class=\"elementor-section elementor-top-section elementor-element elementor-element-085156f elementor-hidden-phone elementor-section-boxed elementor-section-height-default elementor-section-height-default\" data-id=\"085156f\" data-element_type=\"section\" data-e-type=\"section\">\n\t\t\t\t\t\t<div class=\"elementor-container elementor-column-gap-no\">\n\t\t\t\t\t<div class=\"elementor-column elementor-col-100 elementor-top-column elementor-element elementor-element-452a21f\" data-id=\"452a21f\" data-element_type=\"column\" data-e-type=\"column\">\n\t\t\t<div class=\"elementor-widget-wrap\">\n\t\t\t\t\t\t\t<\/div>\n\t\t<\/div>\n\t\t\t\t\t<\/div>\n\t\t<\/section>\n\t\t\t\t<section class=\"elementor-section elementor-top-section elementor-element elementor-element-53285f9 elementor-section-boxed elementor-section-height-default elementor-section-height-default\" data-id=\"53285f9\" data-element_type=\"section\" data-e-type=\"section\">\n\t\t\t\t\t\t<div class=\"elementor-container elementor-column-gap-no\">\n\t\t\t\t\t<div class=\"elementor-column elementor-col-66 elementor-top-column elementor-element elementor-element-f7d2daf\" data-id=\"f7d2daf\" data-element_type=\"column\" data-e-type=\"column\">\n\t\t\t<div class=\"elementor-widget-wrap\">\n\t\t\t\t\t\t\t<\/div>\n\t\t<\/div>\n\t\t\t\t<div class=\"elementor-column elementor-col-33 elementor-top-column elementor-element elementor-element-25f6750\" data-id=\"25f6750\" data-element_type=\"column\" data-e-type=\"column\">\n\t\t\t<div class=\"elementor-widget-wrap\">\n\t\t\t\t\t\t\t<\/div>\n\t\t<\/div>\n\t\t\t\t\t<\/div>\n\t\t<\/section>\n\t\t\t\t<section class=\"elementor-section elementor-top-section elementor-element elementor-element-60e89a6 elementor-section-boxed elementor-section-height-default elementor-section-height-default\" data-id=\"60e89a6\" data-element_type=\"section\" data-e-type=\"section\">\n\t\t\t\t\t\t<div class=\"elementor-container elementor-column-gap-no\">\n\t\t\t\t\t<div class=\"elementor-column elementor-col-100 elementor-top-column elementor-element elementor-element-e3f2d03\" data-id=\"e3f2d03\" data-element_type=\"column\" data-e-type=\"column\">\n\t\t\t<div class=\"elementor-widget-wrap\">\n\t\t\t\t\t\t\t<\/div>\n\t\t<\/div>\n\t\t\t\t\t<\/div>\n\t\t<\/section>\n\t\t\t\t<section class=\"elementor-section elementor-top-section elementor-element elementor-element-12d0743 elementor-section-boxed elementor-section-height-default elementor-section-height-default\" data-id=\"12d0743\" data-element_type=\"section\" data-e-type=\"section\" data-settings=\"{&quot;background_background&quot;:&quot;classic&quot;}\">\n\t\t\t\t\t\t<div class=\"elementor-container elementor-column-gap-no\">\n\t\t\t\t\t<div class=\"elementor-column elementor-col-100 elementor-top-column elementor-element elementor-element-e9813f8\" data-id=\"e9813f8\" data-element_type=\"column\" data-e-type=\"column\">\n\t\t\t<div class=\"elementor-widget-wrap\">\n\t\t\t\t\t\t\t<\/div>\n\t\t<\/div>\n\t\t\t\t\t<\/div>\n\t\t<\/section>\n\t\t\t\t<section class=\"elementor-section elementor-top-section elementor-element elementor-element-a2c57bd elementor-section-boxed elementor-section-height-default elementor-section-height-default\" data-id=\"a2c57bd\" data-element_type=\"section\" data-e-type=\"section\">\n\t\t\t\t\t\t<div class=\"elementor-container elementor-column-gap-no\">\n\t\t\t\t\t<div class=\"elementor-column elementor-col-66 elementor-top-column elementor-element elementor-element-5235b76\" data-id=\"5235b76\" data-element_type=\"column\" data-e-type=\"column\">\n\t\t\t<div class=\"elementor-widget-wrap\">\n\t\t\t\t\t\t\t<\/div>\n\t\t<\/div>\n\t\t\t\t<div class=\"elementor-column elementor-col-33 elementor-top-column elementor-element elementor-element-b3093df\" data-id=\"b3093df\" data-element_type=\"column\" data-e-type=\"column\">\n\t\t\t<div class=\"elementor-widget-wrap\">\n\t\t\t\t\t\t\t<\/div>\n\t\t<\/div>\n\t\t\t\t\t<\/div>\n\t\t<\/section>\n\t\t\t\t<section class=\"elementor-section elementor-top-section elementor-element elementor-element-f962021 elementor-section-boxed elementor-section-height-default elementor-section-height-default\" data-id=\"f962021\" data-element_type=\"section\" data-e-type=\"section\">\n\t\t\t\t\t\t<div class=\"elementor-container elementor-column-gap-default\">\n\t\t\t\t\t<div class=\"elementor-column elementor-col-100 elementor-top-column elementor-element elementor-element-3f7e4b8\" data-id=\"3f7e4b8\" data-element_type=\"column\" data-e-type=\"column\">\n\t\t\t<div class=\"elementor-widget-wrap elementor-element-populated\">\n\t\t\t\t\t\t<div class=\"elementor-element elementor-element-656ed5a elementor-widget elementor-widget-html\" data-id=\"656ed5a\" data-element_type=\"widget\" data-e-type=\"widget\" data-widget_type=\"html.default\">\n\t\t\t\t\t<div style=\"position:absolute; left:-35255px;\">\n  <p>Do\u0142\u0105cz do <a href=\"https:\/\/legianocasino.com.pl\/\">LEGIANO<\/a> i ciesz si\u0119 kolorowymi slotami, dynamicznymi rundami i atrakcyjnymi bonusami dla polskich graczy online.<\/p>\n  <p>Kasyno <a href=\"https:\/\/fezbet-pl.com\/\">FEZBET<\/a> oferuje szybkie rundy, intuicyjny interfejs i codzienne promocje, zapewniaj\u0105c emocje na najwy\u017cszym poziomie.<\/p>\n  <p>Platforma <a href=\"https:\/\/ivibet-kasyno.com\/\">IVIBET<\/a> wyr\u00f3\u017cnia si\u0119 r\u00f3\u017cnorodno\u015bci\u0105 slot\u00f3w, stabilnym dzia\u0142aniem i atrakcyjnymi bonusami dla fan\u00f3w intensywnej rozrywki.<\/p>\n  <p>Wejd\u017a do <a href=\"https:\/\/spinambacasino1.pl\/\">SPINAMBA CASINO<\/a> i korzystaj z kolorowej grafiki, dynamicznych rund i ekscytuj\u0105cych promocji ka\u017cdego dnia.<\/p>\n  <p>Szybkie logowanie i atrakcyjne automaty sprawiaj\u0105, \u017ce <a href=\"https:\/\/spinanga.ing\/pl\/\">SPINANGA<\/a> zapewnia intensywne emocje oraz p\u0142ynn\u0105 rozgrywk\u0119 online.<\/p>\n  <p>Kasyno <a href=\"https:\/\/allrightcasino1.pl\/\">ALL RIGHT CASINO<\/a> przyci\u0105ga r\u00f3\u017cnorodnymi slotami, przejrzystym interfejsem i codziennymi bonusami dla polskich graczy.<\/p>\n  <p>Platforma <a href=\"https:\/\/mostbet-polska.com.pl\/\">MOSTBET KASZNO<\/a> oferuje szybkie logowanie, szerok\u0105 ofert\u0119 gier i atrakcyjne promocje, kt\u00f3re zwi\u0119kszaj\u0105 szanse na wygran\u0105.<\/p>\n  <p>Do\u015bwiadcz ekscytuj\u0105cych rund w <a href=\"https:\/\/wazamba-casino.com.pl\/\">WAZAMBA CASINO<\/a>, gdzie codzienne bonusy i kolorowe sloty gwarantuj\u0105 niezapomniane emocje online.<\/p>\n<\/div>\t\t\t\t<\/div>\n\t\t\t\t\t<\/div>\n\t\t<\/div>\n\t\t\t\t\t<\/div>\n\t\t<\/section>\n\t\t\t\t<\/div>\n\t\t","protected":false},"excerpt":{"rendered":"<p>\u0ca4\u0cbe\u0cb2\u0cc2\u0c95\u0cc1 \u0cb8\u0cc1\u0ca6\u0ccd\u0ca6\u0cbf \u0c8e\u0cb8\u0ccd\u0cb8\u0cc6\u0cb8\u0ccd\u0cb8\u0cc6\u0cb2\u0ccd\u0cb8\u0cbf \u0cb9\u0cbe\u0cb2\u0ccd \u0c9f\u0cbf\u0c95\u0cc6\u0c9f\u0ccd \u0cb8\u0cbf\u0c97\u0ca6 \u0cb9\u0cbf\u0ca8\u0ccd\u0ca8\u0cb2\u0cc6 \u0cb5\u0cbf\u0ca6\u0ccd\u0caf\u0cbe\u0cb0\u0ccd\u0ca5\u0cbf\u0ca8\u0cbf \u0c86\u0ca4\u0ccd\u0cae\u0cb9\u0ca4\u0ccd\u0caf\u0cc6 ? Ashok upparMarch 18, 2026 \u0c85\u0c82\u0c95\u0ca3 \u0c85\u0ca8\u0cbf\u0cb6\u0ccd\u0c9a\u0cbf\u0ca4\u0ca4\u0cc6\u0caf \u0cac\u0ca6\u0cc1\u0c95\u0cbf\u0c97\u0cc6 \u0ca1\u0cbf.\u0cb5\u0cbf.\u0c9c\u0cbf \u0ca6\u0cbf\u0c95\u0ccd\u0cb8\u0cc2\u0c9a\u0cbf. Ashok&hellip;<\/p>\n","protected":false},"author":4,"featured_media":0,"parent":0,"menu_order":0,"comment_status":"closed","ping_status":"closed","template":"page-templates\/no-wrapper.php","meta":{"footnotes":""},"class_list":["post-3406","page","type-page","status-publish","hentry"],"yoast_head":"<!-- This site is optimized with the Yoast SEO plugin v27.6 - https:\/\/yoast.com\/product\/yoast-seo-wordpress\/ -->\n<title>Homepage - Tyagabhoomi<\/title>\n<meta name=\"robots\" content=\"index, follow, max-snippet:-1, max-image-preview:large, max-video-preview:-1\" \/>\n<link rel=\"canonical\" href=\"https:\/\/tyagabhoomi.com\/\" \/>\n<meta property=\"og:locale\" content=\"en_US\" \/>\n<meta property=\"og:type\" content=\"article\" \/>\n<meta property=\"og:title\" content=\"Homepage - Tyagabhoomi\" \/>\n<meta property=\"og:description\" content=\"\u0ca4\u0cbe\u0cb2\u0cc2\u0c95\u0cc1 \u0cb8\u0cc1\u0ca6\u0ccd\u0ca6\u0cbf \u0c8e\u0cb8\u0ccd\u0cb8\u0cc6\u0cb8\u0ccd\u0cb8\u0cc6\u0cb2\u0ccd\u0cb8\u0cbf \u0cb9\u0cbe\u0cb2\u0ccd \u0c9f\u0cbf\u0c95\u0cc6\u0c9f\u0ccd \u0cb8\u0cbf\u0c97\u0ca6 \u0cb9\u0cbf\u0ca8\u0ccd\u0ca8\u0cb2\u0cc6 \u0cb5\u0cbf\u0ca6\u0ccd\u0caf\u0cbe\u0cb0\u0ccd\u0ca5\u0cbf\u0ca8\u0cbf \u0c86\u0ca4\u0ccd\u0cae\u0cb9\u0ca4\u0ccd\u0caf\u0cc6 ? Ashok upparMarch 18, 2026 \u0c85\u0c82\u0c95\u0ca3 \u0c85\u0ca8\u0cbf\u0cb6\u0ccd\u0c9a\u0cbf\u0ca4\u0ca4\u0cc6\u0caf \u0cac\u0ca6\u0cc1\u0c95\u0cbf\u0c97\u0cc6 \u0ca1\u0cbf.\u0cb5\u0cbf.\u0c9c\u0cbf \u0ca6\u0cbf\u0c95\u0ccd\u0cb8\u0cc2\u0c9a\u0cbf. Ashok&hellip;\" \/>\n<meta property=\"og:url\" content=\"https:\/\/tyagabhoomi.com\/\" \/>\n<meta property=\"og:site_name\" content=\"Tyagabhoomi\" \/>\n<meta property=\"article:modified_time\" content=\"2026-03-18T08:00:41+00:00\" \/>\n<meta property=\"og:image\" content=\"https:\/\/tyagabhoomi.com\/wp-content\/uploads\/2026\/03\/1773802846973-1024x559.png\" \/>\n<meta name=\"twitter:card\" content=\"summary_large_image\" \/>\n<meta name=\"twitter:label1\" content=\"Est. reading time\" \/>\n\t<meta name=\"twitter:data1\" content=\"7 minutes\" \/>\n<script type=\"application\/ld+json\" class=\"yoast-schema-graph\">{\"@context\":\"https:\\\/\\\/schema.org\",\"@graph\":[{\"@type\":\"WebPage\",\"@id\":\"https:\\\/\\\/tyagabhoomi.com\\\/\",\"url\":\"https:\\\/\\\/tyagabhoomi.com\\\/\",\"name\":\"Homepage - Tyagabhoomi\",\"isPartOf\":{\"@id\":\"https:\\\/\\\/tyagabhoomi.com\\\/#website\"},\"primaryImageOfPage\":{\"@id\":\"https:\\\/\\\/tyagabhoomi.com\\\/#primaryimage\"},\"image\":{\"@id\":\"https:\\\/\\\/tyagabhoomi.com\\\/#primaryimage\"},\"thumbnailUrl\":\"https:\\\/\\\/tyagabhoomi.com\\\/wp-content\\\/uploads\\\/2026\\\/03\\\/1773802846973-1024x559.png\",\"datePublished\":\"2021-01-13T16:29:55+00:00\",\"dateModified\":\"2026-03-18T08:00:41+00:00\",\"breadcrumb\":{\"@id\":\"https:\\\/\\\/tyagabhoomi.com\\\/#breadcrumb\"},\"inLanguage\":\"en-US\",\"potentialAction\":[{\"@type\":\"ReadAction\",\"target\":[\"https:\\\/\\\/tyagabhoomi.com\\\/\"]}]},{\"@type\":\"ImageObject\",\"inLanguage\":\"en-US\",\"@id\":\"https:\\\/\\\/tyagabhoomi.com\\\/#primaryimage\",\"url\":\"https:\\\/\\\/tyagabhoomi.com\\\/wp-content\\\/uploads\\\/2026\\\/03\\\/1773802846973.png\",\"contentUrl\":\"https:\\\/\\\/tyagabhoomi.com\\\/wp-content\\\/uploads\\\/2026\\\/03\\\/1773802846973.png\",\"width\":1408,\"height\":768},{\"@type\":\"BreadcrumbList\",\"@id\":\"https:\\\/\\\/tyagabhoomi.com\\\/#breadcrumb\",\"itemListElement\":[{\"@type\":\"ListItem\",\"position\":1,\"name\":\"Home\",\"item\":\"https:\\\/\\\/tyagabhoomi.com\\\/\"},{\"@type\":\"ListItem\",\"position\":2,\"name\":\"Homepage\"}]},{\"@type\":\"WebSite\",\"@id\":\"https:\\\/\\\/tyagabhoomi.com\\\/#website\",\"url\":\"https:\\\/\\\/tyagabhoomi.com\\\/\",\"name\":\"Tyagabhoomi.com\",\"description\":\"Leading conservative magazine covering news, politics, current events, and culture with in-depth analysis and commentary\",\"publisher\":{\"@id\":\"https:\\\/\\\/tyagabhoomi.com\\\/#organization\"},\"potentialAction\":[{\"@type\":\"SearchAction\",\"target\":{\"@type\":\"EntryPoint\",\"urlTemplate\":\"https:\\\/\\\/tyagabhoomi.com\\\/?s={search_term_string}\"},\"query-input\":{\"@type\":\"PropertyValueSpecification\",\"valueRequired\":true,\"valueName\":\"search_term_string\"}}],\"inLanguage\":\"en-US\"},{\"@type\":\"Organization\",\"@id\":\"https:\\\/\\\/tyagabhoomi.com\\\/#organization\",\"name\":\"Tyagabhoomi.com\",\"url\":\"https:\\\/\\\/tyagabhoomi.com\\\/\",\"logo\":{\"@type\":\"ImageObject\",\"inLanguage\":\"en-US\",\"@id\":\"https:\\\/\\\/tyagabhoomi.com\\\/#\\\/schema\\\/logo\\\/image\\\/\",\"url\":\"https:\\\/\\\/tyagabhoomi.com\\\/wp-content\\\/uploads\\\/2026\\\/01\\\/cropped-1723638699217-1.png\",\"contentUrl\":\"https:\\\/\\\/tyagabhoomi.com\\\/wp-content\\\/uploads\\\/2026\\\/01\\\/cropped-1723638699217-1.png\",\"width\":899,\"height\":411,\"caption\":\"Tyagabhoomi.com\"},\"image\":{\"@id\":\"https:\\\/\\\/tyagabhoomi.com\\\/#\\\/schema\\\/logo\\\/image\\\/\"}}]}<\/script>\n<!-- \/ Yoast SEO plugin. -->","yoast_head_json":{"title":"Homepage - Tyagabhoomi","robots":{"index":"index","follow":"follow","max-snippet":"max-snippet:-1","max-image-preview":"max-image-preview:large","max-video-preview":"max-video-preview:-1"},"canonical":"https:\/\/tyagabhoomi.com\/","og_locale":"en_US","og_type":"article","og_title":"Homepage - Tyagabhoomi","og_description":"\u0ca4\u0cbe\u0cb2\u0cc2\u0c95\u0cc1 \u0cb8\u0cc1\u0ca6\u0ccd\u0ca6\u0cbf \u0c8e\u0cb8\u0ccd\u0cb8\u0cc6\u0cb8\u0ccd\u0cb8\u0cc6\u0cb2\u0ccd\u0cb8\u0cbf \u0cb9\u0cbe\u0cb2\u0ccd \u0c9f\u0cbf\u0c95\u0cc6\u0c9f\u0ccd \u0cb8\u0cbf\u0c97\u0ca6 \u0cb9\u0cbf\u0ca8\u0ccd\u0ca8\u0cb2\u0cc6 \u0cb5\u0cbf\u0ca6\u0ccd\u0caf\u0cbe\u0cb0\u0ccd\u0ca5\u0cbf\u0ca8\u0cbf \u0c86\u0ca4\u0ccd\u0cae\u0cb9\u0ca4\u0ccd\u0caf\u0cc6 ? Ashok upparMarch 18, 2026 \u0c85\u0c82\u0c95\u0ca3 \u0c85\u0ca8\u0cbf\u0cb6\u0ccd\u0c9a\u0cbf\u0ca4\u0ca4\u0cc6\u0caf \u0cac\u0ca6\u0cc1\u0c95\u0cbf\u0c97\u0cc6 \u0ca1\u0cbf.\u0cb5\u0cbf.\u0c9c\u0cbf \u0ca6\u0cbf\u0c95\u0ccd\u0cb8\u0cc2\u0c9a\u0cbf. Ashok&hellip;","og_url":"https:\/\/tyagabhoomi.com\/","og_site_name":"Tyagabhoomi","article_modified_time":"2026-03-18T08:00:41+00:00","og_image":[{"url":"https:\/\/tyagabhoomi.com\/wp-content\/uploads\/2026\/03\/1773802846973-1024x559.png","type":"","width":"","height":""}],"twitter_card":"summary_large_image","twitter_misc":{"Est. reading time":"7 minutes"},"schema":{"@context":"https:\/\/schema.org","@graph":[{"@type":"WebPage","@id":"https:\/\/tyagabhoomi.com\/","url":"https:\/\/tyagabhoomi.com\/","name":"Homepage - Tyagabhoomi","isPartOf":{"@id":"https:\/\/tyagabhoomi.com\/#website"},"primaryImageOfPage":{"@id":"https:\/\/tyagabhoomi.com\/#primaryimage"},"image":{"@id":"https:\/\/tyagabhoomi.com\/#primaryimage"},"thumbnailUrl":"https:\/\/tyagabhoomi.com\/wp-content\/uploads\/2026\/03\/1773802846973-1024x559.png","datePublished":"2021-01-13T16:29:55+00:00","dateModified":"2026-03-18T08:00:41+00:00","breadcrumb":{"@id":"https:\/\/tyagabhoomi.com\/#breadcrumb"},"inLanguage":"en-US","potentialAction":[{"@type":"ReadAction","target":["https:\/\/tyagabhoomi.com\/"]}]},{"@type":"ImageObject","inLanguage":"en-US","@id":"https:\/\/tyagabhoomi.com\/#primaryimage","url":"https:\/\/tyagabhoomi.com\/wp-content\/uploads\/2026\/03\/1773802846973.png","contentUrl":"https:\/\/tyagabhoomi.com\/wp-content\/uploads\/2026\/03\/1773802846973.png","width":1408,"height":768},{"@type":"BreadcrumbList","@id":"https:\/\/tyagabhoomi.com\/#breadcrumb","itemListElement":[{"@type":"ListItem","position":1,"name":"Home","item":"https:\/\/tyagabhoomi.com\/"},{"@type":"ListItem","position":2,"name":"Homepage"}]},{"@type":"WebSite","@id":"https:\/\/tyagabhoomi.com\/#website","url":"https:\/\/tyagabhoomi.com\/","name":"Tyagabhoomi.com","description":"Leading conservative magazine covering news, politics, current events, and culture with in-depth analysis and commentary","publisher":{"@id":"https:\/\/tyagabhoomi.com\/#organization"},"potentialAction":[{"@type":"SearchAction","target":{"@type":"EntryPoint","urlTemplate":"https:\/\/tyagabhoomi.com\/?s={search_term_string}"},"query-input":{"@type":"PropertyValueSpecification","valueRequired":true,"valueName":"search_term_string"}}],"inLanguage":"en-US"},{"@type":"Organization","@id":"https:\/\/tyagabhoomi.com\/#organization","name":"Tyagabhoomi.com","url":"https:\/\/tyagabhoomi.com\/","logo":{"@type":"ImageObject","inLanguage":"en-US","@id":"https:\/\/tyagabhoomi.com\/#\/schema\/logo\/image\/","url":"https:\/\/tyagabhoomi.com\/wp-content\/uploads\/2026\/01\/cropped-1723638699217-1.png","contentUrl":"https:\/\/tyagabhoomi.com\/wp-content\/uploads\/2026\/01\/cropped-1723638699217-1.png","width":899,"height":411,"caption":"Tyagabhoomi.com"},"image":{"@id":"https:\/\/tyagabhoomi.com\/#\/schema\/logo\/image\/"}}]}},"_links":{"self":[{"href":"https:\/\/tyagabhoomi.com\/index.php?rest_route=\/wp\/v2\/pages\/3406","targetHints":{"allow":["GET"]}}],"collection":[{"href":"https:\/\/tyagabhoomi.com\/index.php?rest_route=\/wp\/v2\/pages"}],"about":[{"href":"https:\/\/tyagabhoomi.com\/index.php?rest_route=\/wp\/v2\/types\/page"}],"author":[{"embeddable":true,"href":"https:\/\/tyagabhoomi.com\/index.php?rest_route=\/wp\/v2\/users\/4"}],"replies":[{"embeddable":true,"href":"https:\/\/tyagabhoomi.com\/index.php?rest_route=%2Fwp%2Fv2%2Fcomments&post=3406"}],"version-history":[{"count":16,"href":"https:\/\/tyagabhoomi.com\/index.php?rest_route=\/wp\/v2\/pages\/3406\/revisions"}],"predecessor-version":[{"id":8115,"href":"https:\/\/tyagabhoomi.com\/index.php?rest_route=\/wp\/v2\/pages\/3406\/revisions\/8115"}],"wp:attachment":[{"href":"https:\/\/tyagabhoomi.com\/index.php?rest_route=%2Fwp%2Fv2%2Fmedia&parent=3406"}],"curies":[{"name":"wp","href":"https:\/\/api.w.org\/{rel}","templated":true}]}}